{"id":11889,"date":"2021-06-09T06:31:43","date_gmt":"2021-06-09T03:31:43","guid":{"rendered":"https:\/\/incorpturkiye.com\/blogs\/"},"modified":"2025-09-02T02:21:33","modified_gmt":"2025-09-01T23:21:33","slug":"blog","status":"publish","type":"page","link":"https:\/\/incorpturkiye.com\/tr\/blog\/","title":{"rendered":"Blog"},"content":{"rendered":"\t\t<div data-elementor-type=\"wp-page\" data-elementor-id=\"11889\" class=\"elementor elementor-11889\" data-elementor-settings=\"{&quot;element_pack_global_tooltip_width&quot;:{&quot;unit&quot;:&quot;px&quot;,&quot;size&quot;:&quot;&quot;,&quot;sizes&quot;:[]},&quot;element_pack_global_tooltip_width_tablet&quot;:{&quot;unit&quot;:&quot;px&quot;,&quot;size&quot;:&quot;&quot;,&quot;sizes&quot;:[]},&quot;element_pack_global_tooltip_width_mobile&quot;:{&quot;unit&quot;:&quot;px&quot;,&quot;size&quot;:&quot;&quot;,&quot;sizes&quot;:[]},&quot;element_pack_global_tooltip_padding&quot;:{&quot;unit&quot;:&quot;px&quot;,&quot;top&quot;:&quot;&quot;,&quot;right&quot;:&quot;&quot;,&quot;bottom&quot;:&quot;&quot;,&quot;left&quot;:&quot;&quot;,&quot;isLinked&quot;:true},&quot;element_pack_global_tooltip_padding_tablet&quot;:{&quot;unit&quot;:&quot;px&quot;,&quot;top&quot;:&quot;&quot;,&quot;right&quot;:&quot;&quot;,&quot;bottom&quot;:&quot;&quot;,&quot;left&quot;:&quot;&quot;,&quot;isLinked&quot;:true},&quot;element_pack_global_tooltip_padding_mobile&quot;:{&quot;unit&quot;:&quot;px&quot;,&quot;top&quot;:&quot;&quot;,&quot;right&quot;:&quot;&quot;,&quot;bottom&quot;:&quot;&quot;,&quot;left&quot;:&quot;&quot;,&quot;isLinked&quot;:true},&quot;element_pack_global_tooltip_border_radius&quot;:{&quot;unit&quot;:&quot;px&quot;,&quot;top&quot;:&quot;&quot;,&quot;right&quot;:&quot;&quot;,&quot;bottom&quot;:&quot;&quot;,&quot;left&quot;:&quot;&quot;,&quot;isLinked&quot;:true},&quot;element_pack_global_tooltip_border_radius_tablet&quot;:{&quot;unit&quot;:&quot;px&quot;,&quot;top&quot;:&quot;&quot;,&quot;right&quot;:&quot;&quot;,&quot;bottom&quot;:&quot;&quot;,&quot;left&quot;:&quot;&quot;,&quot;isLinked&quot;:true},&quot;element_pack_global_tooltip_border_radius_mobile&quot;:{&quot;unit&quot;:&quot;px&quot;,&quot;top&quot;:&quot;&quot;,&quot;right&quot;:&quot;&quot;,&quot;bottom&quot;:&quot;&quot;,&quot;left&quot;:&quot;&quot;,&quot;isLinked&quot;:true}}\" data-elementor-post-type=\"page\">\n\t\t\t\t\t\t<section class=\"elementor-section elementor-top-section elementor-element elementor-element-37cc5e7 elementor-section-boxed elementor-section-height-default elementor-section-height-default rt-parallax-bg-no wpr-particle-no wpr-jarallax-no wpr-parallax-no wpr-sticky-section-no\" data-id=\"37cc5e7\" data-element_type=\"section\" data-settings=\"{&quot;_ha_eqh_enable&quot;:false,&quot;ekit_has_onepagescroll_dot&quot;:&quot;yes&quot;}\">\n\t\t\t\t\t\t<div class=\"elementor-container elementor-column-gap-default\">\n\t\t\t\t\t<div class=\"elementor-column elementor-col-100 elementor-top-column elementor-element elementor-element-b0a48be\" data-id=\"b0a48be\" data-element_type=\"column\">\n\t\t\t<div class=\"elementor-widget-wrap elementor-element-populated\">\n\t\t\t\t\t\t<div class=\"elementor-element elementor-element-e05189b elementor-widget elementor-widget-ucaddon_post_slider\" data-id=\"e05189b\" data-element_type=\"widget\" data-settings=\"{&quot;ekit_we_effect_on&quot;:&quot;none&quot;}\" data-widget_type=\"ucaddon_post_slider.default\">\n\t\t\t\t<div class=\"elementor-widget-container\">\n\t\t\t\t\t<!-- start Post Slider -->\n\t\t<link id='font-awesome-css' href='https:\/\/incorpturkiye.com\/wp-content\/plugins\/unlimited-elements-for-elementor-premium\/assets_libraries\/font-awesome5\/css\/fontawesome-all.min.css' type='text\/css' rel='stylesheet' >\n\t\t<link id='font-awesome-4-shim-css' href='https:\/\/incorpturkiye.com\/wp-content\/plugins\/unlimited-elements-for-elementor-premium\/assets_libraries\/font-awesome5\/css\/fontawesome-v4-shims.css' type='text\/css' rel='stylesheet' >\n\t\t<link id='owl-carousel-css' href='https:\/\/incorpturkiye.com\/wp-content\/plugins\/unlimited-elements-for-elementor-premium\/assets_libraries\/owl-carousel-new\/assets\/owl.carousel.css' type='text\/css' rel='stylesheet' >\n\t\t<link id='uc_ac_assets_file_animate_css_77907-css' href='https:\/\/incorpturkiye.com\/wp-content\/uploads\/ac_assets\/uc_fixed_box_postslider\/animate.css' type='text\/css' rel='stylesheet' >\n\n\t\t\t<style type=\"text\/css\">\/* widget: Post Slider *\/\n\n#uc_post_slider_elementor_e05189b *{\n\tbox-sizing: border-box;\n}\n\n#widget-wrapper-uc_post_slider_elementor_e05189b{\n    min-height:1px;\n}\n\n\n#uc_post_slider_elementor_e05189b{\n  min-height:1px;\n}\n\n#uc_post_slider_elementor_e05189b .ue_post_slider_overlay{\n  position:absolute;\n  top:0;\n  bottom:0;\n  left:0;\n  right:0;\n}\n\n#uc_post_slider_elementor_e05189b  .uc_fbps_slide{\n\tbackground-repeat:no-repeat;\n\tbackground-position:center center;\n    display:flex;\n    align-items:center;\n    justify-content:center;\n    background-blend-mode: normal;\n    overflow:hidden;\n\t}\t\n\t\n#uc_post_slider_elementor_e05189b .uc_fbps_slide .uc_fbps_content{\t\n\tposition:relative;\n}\n\t\n.ue-post-slider-containeruc_post_slider_elementor_e05189b {\n  \ttext-align: center;\n  \tcolor: ;\n}\n\n#uc_post_slider_elementor_e05189b .uc_more_btn{\n  display:inline-block;\n  text-decoration:none;\n}\n\n#uc_post_slider_elementor_e05189b .owl-nav .owl-prev{\n    position:absolute;\n    left:0px;\n    display:inline-block;\n    text-align:center;\n    transition:1s;\n}\n\n#uc_post_slider_elementor_e05189b .owl-nav .owl-next{\n  position:absolute;\n    right:0px;\n  display:inline-block;\n  text-align:center;\n  transition:1s;\n}\n\n\n#uc_post_slider_elementor_e05189b .owl-dots {\n  overflow:hidden;\n  display:true !important;\n  text-align:center;\n}\n\n#uc_post_slider_elementor_e05189b .owl-dot {\n  border-radius:50%;\n  display:inline-block;\n}\n\n.uc_fbps_container_title{\n  font-size:24px;\n}\n\n.uc_fbps_container_meta{\n  font-size:12px;\n}\n\n#uc_post_slider_elementor_e05189b .ue-post-terms a{\n  display:inline-block;\n}\n\n.uc_fbps_container a{\n  text-decoration:none;\n}\n\n<\/style>\n\n\t\t\t<div class=\"uc_fixed_box_postslider\" id=\"widget-wrapper-uc_post_slider_elementor_e05189b\"  style=\"direction:ltr;\"> \n \n\n        <div class=\"uc_fbps_container ue-post-slider-containeruc_post_slider_elementor_e05189b\">\n            <div id=\"uc_post_slider_elementor_e05189b\" class=\"owl-carousel uc-items-wrapper  \"  data-custom-sethtml=\"true\" >\n            \t<div class=\"uc_fbps_slide\" style=\"background-image:url(https:\/\/incorpturkiye.com\/wp-content\/uploads\/2025\/10\/Turkiyede-Oyun-Ihracatinda-Tesvikler.png);\">\n  <div class=\"ue_post_slider_overlay\"><\/div>\n  <div class=\"uc_fbps_content\">\n    \n            \n        \t<div class=\"ue-post-category\">\n              <a href=\"\"><\/a>\n        \t<\/div>\n        \t\n        \n    \n           \n        <div class=\"uc_fbps_container_title\"><a class=\"ue-dynamic-popup-single \" href='https:\/\/incorpturkiye.com\/tr\/uncategorized-tr\/oyun-ihracatinda-tesvikler-ve-teknopark\/'>T\u00fcrkiye\u2019de Oyun \u0130hracat\u0131nda Te\u015fvikler ve Teknopark Avantajlar\u0131<\/a><\/div>\n    \n        <div class=\"uc_fbps_container_meta\">23 Ekim 2025<\/div>\n        \n    \n        <div class=\"uc_fbps_container_desc\">Son y\u0131llarda T\u00fcrkiye, global oyun pazar\u0131nda dikkat \u00e7eken bir oyuncu haline geldi. Mobil, PC ve konsol...<\/div>\n    \n        <a href=\"https:\/\/incorpturkiye.com\/tr\/uncategorized-tr\/oyun-ihracatinda-tesvikler-ve-teknopark\/\" class=\"uc_fbps_cta uc_more_btn\">Read More<\/a>\n      <\/div>\n<\/div>\n<div class=\"uc_fbps_slide\" style=\"background-image:url(https:\/\/incorpturkiye.com\/wp-content\/uploads\/2025\/10\/Turkiyede-Oyun-Sirketi-Kurmak--768x432.jpg);\">\n  <div class=\"ue_post_slider_overlay\"><\/div>\n  <div class=\"uc_fbps_content\">\n    \n            \n        \t<div class=\"ue-post-category\">\n              <a href=\"https:\/\/incorpturkiye.com\/tr\/category\/uncategorized-tr\/\">Uncategorized @tr<\/a>\n        \t<\/div>\n        \t\n        \n    \n           \n        <div class=\"uc_fbps_container_title\"><a class=\"ue-dynamic-popup-single \" href='https:\/\/incorpturkiye.com\/tr\/uncategorized-tr\/turkiyede-oyun-sirketi-kurma\/'>T\u00fcrkiye\u2019de Oyun \u015eirketi Kurmak: Ad\u0131m Ad\u0131m Rehber<\/a><\/div>\n    \n        <div class=\"uc_fbps_container_meta\">12 Ekim 2025<\/div>\n        \n    \n        <div class=\"uc_fbps_container_desc\">T\u00fcrkiye, son y\u0131llarda oyun sekt\u00f6r\u00fcnde \u00f6nemli bir b\u00fcy\u00fcme g\u00f6steriyor. Mobil oyunlardan PC ve konsol oyunlar\u0131na...<\/div>\n    \n        <a href=\"https:\/\/incorpturkiye.com\/tr\/uncategorized-tr\/turkiyede-oyun-sirketi-kurma\/\" class=\"uc_fbps_cta uc_more_btn\">Read More<\/a>\n      <\/div>\n<\/div>\n<div class=\"uc_fbps_slide\" style=\"background-image:url(https:\/\/incorpturkiye.com\/wp-content\/uploads\/2025\/10\/TeknoPark-Sirket-Kurulumu-768x432.jpeg);\">\n  <div class=\"ue_post_slider_overlay\"><\/div>\n  <div class=\"uc_fbps_content\">\n    \n            \n        \t<div class=\"ue-post-category\">\n              <a href=\"https:\/\/incorpturkiye.com\/tr\/category\/uncategorized-tr\/\">Uncategorized @tr<\/a>\n        \t<\/div>\n        \t\n        \n    \n           \n        <div class=\"uc_fbps_container_title\"><a class=\"ue-dynamic-popup-single \" href='https:\/\/incorpturkiye.com\/tr\/uncategorized-tr\/teknopark-sirket-kurulumu\/'>Teknopark\u2019ta \u015eirket Kurmak: Teknoloji Odakl\u0131 Giri\u015fimciler \u0130\u00e7in Rehber<\/a><\/div>\n    \n        <div class=\"uc_fbps_container_meta\">12 Ekim 2025<\/div>\n        \n    \n        <div class=\"uc_fbps_container_desc\">T\u00fcrkiye\u2019de ve d\u00fcnyan\u0131n d\u00f6rt bir yan\u0131ndan gelen teknoloji odakl\u0131 giri\u015fimciler i\u00e7in i\u015flerini b\u00fcy\u00fctmek,...<\/div>\n    \n        <a href=\"https:\/\/incorpturkiye.com\/tr\/uncategorized-tr\/teknopark-sirket-kurulumu\/\" class=\"uc_fbps_cta uc_more_btn\">Read More<\/a>\n      <\/div>\n<\/div>\n<div class=\"uc_fbps_slide\" style=\"background-image:url(https:\/\/incorpturkiye.com\/wp-content\/uploads\/2025\/09\/gurcistan-vergi-avantajlari-768x510.png);\">\n  <div class=\"ue_post_slider_overlay\"><\/div>\n  <div class=\"uc_fbps_content\">\n    \n            \n        \t<div class=\"ue-post-category\">\n              <a href=\"https:\/\/incorpturkiye.com\/tr\/category\/uncategorized-tr\/\">Uncategorized @tr<\/a>\n        \t<\/div>\n        \t\n        \n    \n           \n        <div class=\"uc_fbps_container_title\"><a class=\"ue-dynamic-popup-single \" href='https:\/\/incorpturkiye.com\/tr\/uncategorized-tr\/gurcistanin-vergisel-avantajlari\/'>G\u00fcrcistan\u2019\u0131n Vergisel Avantajlar\u0131: Neden Bu \u00dclke Giri\u015fimcilerin G\u00f6zdesi?<\/a><\/div>\n    \n        <div class=\"uc_fbps_container_meta\">02 Eyl\u00fcl 2025<\/div>\n        \n    \n        <div class=\"uc_fbps_container_desc\">T\u00fcrkiye\u2019den ve d\u00fcnyan\u0131n d\u00f6rt bir yan\u0131ndan gelen giri\u015fimciler i\u00e7in yurt d\u0131\u015f\u0131na a\u00e7\u0131lmak, i\u015flerini global...<\/div>\n    \n        <a href=\"https:\/\/incorpturkiye.com\/tr\/uncategorized-tr\/gurcistanin-vergisel-avantajlari\/\" class=\"uc_fbps_cta uc_more_btn\">Read More<\/a>\n      <\/div>\n<\/div>\n<div class=\"uc_fbps_slide\" style=\"background-image:url(https:\/\/incorpturkiye.com\/wp-content\/uploads\/2025\/09\/Romanyada-Sirket-Kurmak-ve-Schengene-Erisim-768x461.png);\">\n  <div class=\"ue_post_slider_overlay\"><\/div>\n  <div class=\"uc_fbps_content\">\n    \n            \n        \t<div class=\"ue-post-category\">\n              <a href=\"https:\/\/incorpturkiye.com\/tr\/category\/uncategorized-tr\/\">Uncategorized @tr<\/a>\n        \t<\/div>\n        \t\n        \n    \n           \n        <div class=\"uc_fbps_container_title\"><a class=\"ue-dynamic-popup-single \" href='https:\/\/incorpturkiye.com\/tr\/uncategorized-tr\/romanya-sirket-kurulumu\/'>Romanya\u2019da \u015eirket Kurmak ve Schengen\u2019e Eri\u015fim: Detayl\u0131 Bir Rehber<\/a><\/div>\n    \n        <div class=\"uc_fbps_container_meta\">02 Eyl\u00fcl 2025<\/div>\n        \n    \n        <div class=\"uc_fbps_container_desc\">T\u00fcrkiye\u2019den giri\u015fimciler i\u00e7in yurt d\u0131\u015f\u0131na a\u00e7\u0131lmak, i\u015flerini uluslararas\u0131 arenaya ta\u015f\u0131mak ve global pazarlarda...<\/div>\n    \n        <a href=\"https:\/\/incorpturkiye.com\/tr\/uncategorized-tr\/romanya-sirket-kurulumu\/\" class=\"uc_fbps_cta uc_more_btn\">Read More<\/a>\n      <\/div>\n<\/div>\n\n            <\/div>\n        <\/div>\n    <\/div>\n\t\t\t<!-- end Post Slider -->\t\t\t\t<\/div>\n\t\t\t\t<\/div>\n\t\t\t\t\t<\/div>\n\t\t<\/div>\n\t\t\t\t\t<\/div>\n\t\t<\/section>\n\t\t\t\t<\/div>\n\t\t","protected":false},"excerpt":{"rendered":"","protected":false},"author":3,"featured_media":0,"parent":0,"menu_order":0,"comment_status":"closed","ping_status":"closed","template":"elementor_header_footer","meta":{"footnotes":""},"class_list":["post-11889","page","type-page","status-publish","hentry"],"yoast_head":"<!-- This site is optimized with the Yoast SEO Premium plugin v25.1 (Yoast SEO v25.1) - https:\/\/yoast.com\/wordpress\/plugins\/seo\/ -->\n<title>Blog - IncorpTurkiye - Start Your Company in Turkey<\/title>\n<meta name=\"description\" content=\"Incorp T\u00fcrkiye blog yaz\u0131lar\u0131, sekt\u00f6r ve T\u00fcrkiye&#039;deki \u015firket kurma olanaklar\u0131 ile alakal\u0131 en g\u00fcncel bilgiler Incorp T\u00fcrkiye Blog&#039;ta.\" \/>\n<meta name=\"robots\" content=\"index, follow, max-snippet:-1, max-image-preview:large, max-video-preview:-1\" \/>\n<link rel=\"canonical\" href=\"https:\/\/incorpturkiye.com\/tr\/blog\/\" \/>\n<meta property=\"og:locale\" content=\"tr_TR\" \/>\n<meta property=\"og:type\" content=\"article\" \/>\n<meta property=\"og:title\" content=\"Blog\" \/>\n<meta property=\"og:description\" content=\"Incorp T\u00fcrkiye blog yaz\u0131lar\u0131, sekt\u00f6r ve T\u00fcrkiye&#039;deki \u015firket kurma olanaklar\u0131 ile alakal\u0131 en g\u00fcncel bilgiler Incorp T\u00fcrkiye Blog&#039;ta.\" \/>\n<meta property=\"og:url\" content=\"https:\/\/incorpturkiye.com\/tr\/blog\/\" \/>\n<meta property=\"og:site_name\" content=\"IncorpTurkiye - Start Your Company in Turkey\" \/>\n<meta property=\"article:modified_time\" content=\"2025-09-01T23:21:33+00:00\" \/>\n<meta name=\"twitter:card\" content=\"summary_large_image\" \/>\n<meta name=\"twitter:label1\" content=\"Tahmini okuma s\u00fcresi\" \/>\n\t<meta name=\"twitter:data1\" content=\"1 dakika\" \/>\n<script type=\"application\/ld+json\" class=\"yoast-schema-graph\">{\"@context\":\"https:\/\/schema.org\",\"@graph\":[{\"@type\":\"WebPage\",\"@id\":\"https:\/\/incorpturkiye.com\/tr\/blog\/\",\"url\":\"https:\/\/incorpturkiye.com\/tr\/blog\/\",\"name\":\"Blog - IncorpTurkiye - Start Your Company in Turkey\",\"isPartOf\":{\"@id\":\"https:\/\/incorpturkiye.com\/#website\"},\"datePublished\":\"2021-06-09T03:31:43+00:00\",\"dateModified\":\"2025-09-01T23:21:33+00:00\",\"description\":\"Incorp T\u00fcrkiye blog yaz\u0131lar\u0131, sekt\u00f6r ve T\u00fcrkiye'deki \u015firket kurma olanaklar\u0131 ile alakal\u0131 en g\u00fcncel bilgiler Incorp T\u00fcrkiye Blog'ta.\",\"breadcrumb\":{\"@id\":\"https:\/\/incorpturkiye.com\/tr\/blog\/#breadcrumb\"},\"inLanguage\":\"tr\",\"potentialAction\":[{\"@type\":\"ReadAction\",\"target\":[\"https:\/\/incorpturkiye.com\/tr\/blog\/\"]}]},{\"@type\":\"BreadcrumbList\",\"@id\":\"https:\/\/incorpturkiye.com\/tr\/blog\/#breadcrumb\",\"itemListElement\":[{\"@type\":\"ListItem\",\"position\":1,\"name\":\"Home\",\"item\":\"https:\/\/incorpturkiye.com\/tr\/\"},{\"@type\":\"ListItem\",\"position\":2,\"name\":\"Blog\"}]},{\"@type\":\"WebSite\",\"@id\":\"https:\/\/incorpturkiye.com\/#website\",\"url\":\"https:\/\/incorpturkiye.com\/\",\"name\":\"SetupTurkiye - Start Your Company in Turkey\",\"description\":\"Helping visionary entrepreneurs expand into Turkey with legal expertise, fast setup, and trusted support.\",\"publisher\":{\"@id\":\"https:\/\/incorpturkiye.com\/#organization\"},\"potentialAction\":[{\"@type\":\"SearchAction\",\"target\":{\"@type\":\"EntryPoint\",\"urlTemplate\":\"https:\/\/incorpturkiye.com\/?s={search_term_string}\"},\"query-input\":{\"@type\":\"PropertyValueSpecification\",\"valueRequired\":true,\"valueName\":\"search_term_string\"}}],\"inLanguage\":\"tr\"},{\"@type\":\"Organization\",\"@id\":\"https:\/\/incorpturkiye.com\/#organization\",\"name\":\"SetupTurkiye - Start Your Company in Turkey\",\"url\":\"https:\/\/incorpturkiye.com\/\",\"logo\":{\"@type\":\"ImageObject\",\"inLanguage\":\"tr\",\"@id\":\"https:\/\/incorpturkiye.com\/#\/schema\/logo\/image\/\",\"url\":\"https:\/\/incorpturkiye.com\/wp-content\/uploads\/2021\/06\/IncorpLogo-White.png\",\"contentUrl\":\"https:\/\/incorpturkiye.com\/wp-content\/uploads\/2021\/06\/IncorpLogo-White.png\",\"width\":322,\"height\":81,\"caption\":\"SetupTurkiye - Start Your Company in Turkey\"},\"image\":{\"@id\":\"https:\/\/incorpturkiye.com\/#\/schema\/logo\/image\/\"}}]}<\/script>\n<!-- \/ Yoast SEO Premium plugin. -->","yoast_head_json":{"title":"Blog - IncorpTurkiye - Start Your Company in Turkey","description":"Incorp T\u00fcrkiye blog yaz\u0131lar\u0131, sekt\u00f6r ve T\u00fcrkiye'deki \u015firket kurma olanaklar\u0131 ile alakal\u0131 en g\u00fcncel bilgiler Incorp T\u00fcrkiye Blog'ta.","robots":{"index":"index","follow":"follow","max-snippet":"max-snippet:-1","max-image-preview":"max-image-preview:large","max-video-preview":"max-video-preview:-1"},"canonical":"https:\/\/incorpturkiye.com\/tr\/blog\/","og_locale":"tr_TR","og_type":"article","og_title":"Blog","og_description":"Incorp T\u00fcrkiye blog yaz\u0131lar\u0131, sekt\u00f6r ve T\u00fcrkiye'deki \u015firket kurma olanaklar\u0131 ile alakal\u0131 en g\u00fcncel bilgiler Incorp T\u00fcrkiye Blog'ta.","og_url":"https:\/\/incorpturkiye.com\/tr\/blog\/","og_site_name":"IncorpTurkiye - Start Your Company in Turkey","article_modified_time":"2025-09-01T23:21:33+00:00","twitter_card":"summary_large_image","twitter_misc":{"Tahmini okuma s\u00fcresi":"1 dakika"},"schema":{"@context":"https:\/\/schema.org","@graph":[{"@type":"WebPage","@id":"https:\/\/incorpturkiye.com\/tr\/blog\/","url":"https:\/\/incorpturkiye.com\/tr\/blog\/","name":"Blog - IncorpTurkiye - Start Your Company in Turkey","isPartOf":{"@id":"https:\/\/incorpturkiye.com\/#website"},"datePublished":"2021-06-09T03:31:43+00:00","dateModified":"2025-09-01T23:21:33+00:00","description":"Incorp T\u00fcrkiye blog yaz\u0131lar\u0131, sekt\u00f6r ve T\u00fcrkiye'deki \u015firket kurma olanaklar\u0131 ile alakal\u0131 en g\u00fcncel bilgiler Incorp T\u00fcrkiye Blog'ta.","breadcrumb":{"@id":"https:\/\/incorpturkiye.com\/tr\/blog\/#breadcrumb"},"inLanguage":"tr","potentialAction":[{"@type":"ReadAction","target":["https:\/\/incorpturkiye.com\/tr\/blog\/"]}]},{"@type":"BreadcrumbList","@id":"https:\/\/incorpturkiye.com\/tr\/blog\/#breadcrumb","itemListElement":[{"@type":"ListItem","position":1,"name":"Home","item":"https:\/\/incorpturkiye.com\/tr\/"},{"@type":"ListItem","position":2,"name":"Blog"}]},{"@type":"WebSite","@id":"https:\/\/incorpturkiye.com\/#website","url":"https:\/\/incorpturkiye.com\/","name":"SetupTurkiye - Start Your Company in Turkey","description":"Helping visionary entrepreneurs expand into Turkey with legal expertise, fast setup, and trusted support.","publisher":{"@id":"https:\/\/incorpturkiye.com\/#organization"},"potentialAction":[{"@type":"SearchAction","target":{"@type":"EntryPoint","urlTemplate":"https:\/\/incorpturkiye.com\/?s={search_term_string}"},"query-input":{"@type":"PropertyValueSpecification","valueRequired":true,"valueName":"search_term_string"}}],"inLanguage":"tr"},{"@type":"Organization","@id":"https:\/\/incorpturkiye.com\/#organization","name":"SetupTurkiye - Start Your Company in Turkey","url":"https:\/\/incorpturkiye.com\/","logo":{"@type":"ImageObject","inLanguage":"tr","@id":"https:\/\/incorpturkiye.com\/#\/schema\/logo\/image\/","url":"https:\/\/incorpturkiye.com\/wp-content\/uploads\/2021\/06\/IncorpLogo-White.png","contentUrl":"https:\/\/incorpturkiye.com\/wp-content\/uploads\/2021\/06\/IncorpLogo-White.png","width":322,"height":81,"caption":"SetupTurkiye - Start Your Company in Turkey"},"image":{"@id":"https:\/\/incorpturkiye.com\/#\/schema\/logo\/image\/"}}]}},"_links":{"self":[{"href":"https:\/\/incorpturkiye.com\/tr\/wp-json\/wp\/v2\/pages\/11889","targetHints":{"allow":["GET"]}}],"collection":[{"href":"https:\/\/incorpturkiye.com\/tr\/wp-json\/wp\/v2\/pages"}],"about":[{"href":"https:\/\/incorpturkiye.com\/tr\/wp-json\/wp\/v2\/types\/page"}],"author":[{"embeddable":true,"href":"https:\/\/incorpturkiye.com\/tr\/wp-json\/wp\/v2\/users\/3"}],"replies":[{"embeddable":true,"href":"https:\/\/incorpturkiye.com\/tr\/wp-json\/wp\/v2\/comments?post=11889"}],"version-history":[{"count":0,"href":"https:\/\/incorpturkiye.com\/tr\/wp-json\/wp\/v2\/pages\/11889\/revisions"}],"wp:attachment":[{"href":"https:\/\/incorpturkiye.com\/tr\/wp-json\/wp\/v2\/media?parent=11889"}],"curies":[{"name":"wp","href":"https:\/\/api.w.org\/{rel}","templated":true}]}}